{"id":21677,"date":"2025-05-08T21:40:37","date_gmt":"2025-05-08T21:40:37","guid":{"rendered":"https:\/\/www.alexanderrad.pt\/?page_id=21677"},"modified":"2025-12-27T17:24:18","modified_gmt":"2025-12-27T17:24:18","slug":"off-market","status":"publish","type":"page","link":"https:\/\/www.alexanderrad.pt\/?page_id=21677","title":{"rendered":"Off Market"},"content":{"rendered":"\t\t<div data-elementor-type=\"wp-page\" data-elementor-id=\"21677\" class=\"elementor elementor-21677\" data-elementor-post-type=\"page\">\n\t\t\t\t\t\t<section class=\"elementor-section elementor-top-section elementor-element elementor-element-68ce2ed elementor-section-height-min-height elementor-section-stretched elementor-section-boxed elementor-section-height-default elementor-section-items-middle\" data-id=\"68ce2ed\" data-element_type=\"section\" data-e-type=\"section\" data-settings=\"{&quot;background_background&quot;:&quot;classic&quot;,&quot;stretch_section&quot;:&quot;section-stretched&quot;}\">\n\t\t\t\t\t\t\t<div class=\"elementor-background-overlay\"><\/div>\n\t\t\t\t\t\t\t<div class=\"elementor-container elementor-column-gap-default\">\n\t\t\t\t\t<div class=\"elementor-column elementor-col-100 elementor-top-column elementor-element elementor-element-d267160\" data-id=\"d267160\" data-element_type=\"column\" data-e-type=\"column\">\n\t\t\t<div class=\"elementor-widget-wrap elementor-element-populated\">\n\t\t\t\t\t\t<div class=\"elementor-element elementor-element-9375e25 elementor-widget elementor-widget-heading\" data-id=\"9375e25\" data-element_type=\"widget\" data-e-type=\"widget\" data-widget_type=\"heading.default\">\n\t\t\t\t<div class=\"elementor-widget-container\">\n\t\t\t\t\t<h2 class=\"elementor-heading-title elementor-size-default\">RAD<\/h2>\t\t\t\t<\/div>\n\t\t\t\t<\/div>\n\t\t\t\t\t<\/div>\n\t\t<\/div>\n\t\t\t\t\t<\/div>\n\t\t<\/section>\n\t\t\t\t<section class=\"elementor-section elementor-top-section elementor-element elementor-element-f5a85a4 elementor-section-height-min-height elementor-section-stretched elementor-section-boxed elementor-section-height-default elementor-section-items-middle\" data-id=\"f5a85a4\" data-element_type=\"section\" data-e-type=\"section\" data-settings=\"{&quot;background_background&quot;:&quot;classic&quot;,&quot;stretch_section&quot;:&quot;section-stretched&quot;}\">\n\t\t\t\t\t\t\t<div class=\"elementor-background-overlay\"><\/div>\n\t\t\t\t\t\t\t<div class=\"elementor-container elementor-column-gap-default\">\n\t\t\t\t\t<div class=\"elementor-column elementor-col-100 elementor-top-column elementor-element elementor-element-f20752b\" data-id=\"f20752b\" data-element_type=\"column\" data-e-type=\"column\">\n\t\t\t<div class=\"elementor-widget-wrap elementor-element-populated\">\n\t\t\t\t\t\t<div class=\"elementor-element elementor-element-a50b6d4 elementor-widget elementor-widget-heading\" data-id=\"a50b6d4\" data-element_type=\"widget\" data-e-type=\"widget\" data-widget_type=\"heading.default\">\n\t\t\t\t<div class=\"elementor-widget-container\">\n\t\t\t\t\t<h2 class=\"elementor-heading-title elementor-size-default\">OFF MARKET<\/h2>\t\t\t\t<\/div>\n\t\t\t\t<\/div>\n\t\t\t\t\t<\/div>\n\t\t<\/div>\n\t\t\t\t\t<\/div>\n\t\t<\/section>\n\t\t\t\t<section class=\"elementor-section elementor-top-section elementor-element elementor-element-5adaf6cf elementor-section-full_width elementor-section-height-default elementor-section-height-default\" data-id=\"5adaf6cf\" data-element_type=\"section\" data-e-type=\"section\">\n\t\t\t\t\t\t<div class=\"elementor-container elementor-column-gap-default\">\n\t\t\t\t\t<div class=\"elementor-column elementor-col-100 elementor-top-column elementor-element elementor-element-28568b7e\" data-id=\"28568b7e\" data-element_type=\"column\" data-e-type=\"column\">\n\t\t\t<div class=\"elementor-widget-wrap elementor-element-populated\">\n\t\t\t\t\t\t<div class=\"elementor-element elementor-element-8a91c9d elementor-widget elementor-widget-spacer\" data-id=\"8a91c9d\" data-element_type=\"widget\" data-e-type=\"widget\" data-widget_type=\"spacer.default\">\n\t\t\t\t<div class=\"elementor-widget-container\">\n\t\t\t\t\t\t\t<div class=\"elementor-spacer\">\n\t\t\t<div class=\"elementor-spacer-inner\"><\/div>\n\t\t<\/div>\n\t\t\t\t\t\t<\/div>\n\t\t\t\t<\/div>\n\t\t\t\t\t<\/div>\n\t\t<\/div>\n\t\t\t\t\t<\/div>\n\t\t<\/section>\n\t\t\t\t<section class=\"elementor-section elementor-top-section elementor-element elementor-element-64005c0 elementor-section-stretched elementor-section-boxed elementor-section-height-default elementor-section-height-default\" data-id=\"64005c0\" data-element_type=\"section\" data-e-type=\"section\" data-settings=\"{&quot;stretch_section&quot;:&quot;section-stretched&quot;}\">\n\t\t\t\t\t\t<div class=\"elementor-container elementor-column-gap-default\">\n\t\t\t\t\t<div class=\"elementor-column elementor-col-100 elementor-top-column elementor-element elementor-element-c574509\" data-id=\"c574509\" data-element_type=\"column\" data-e-type=\"column\">\n\t\t\t<div class=\"elementor-widget-wrap elementor-element-populated\">\n\t\t\t\t\t\t<div class=\"elementor-element elementor-element-a4a4651 elementor-widget elementor-widget-heading\" data-id=\"a4a4651\" data-element_type=\"widget\" data-e-type=\"widget\" data-widget_type=\"heading.default\">\n\t\t\t\t<div class=\"elementor-widget-container\">\n\t\t\t\t\t<h3 class=\"elementor-heading-title elementor-size-large\">Mercado de venda imobili\u00e1ria <b>Off Market<\/b> em Portugal<\/h3>\t\t\t\t<\/div>\n\t\t\t\t<\/div>\n\t\t\t\t<div class=\"elementor-element elementor-element-dc8faca elementor-widget__width-initial elementor-widget elementor-widget-spacer\" data-id=\"dc8faca\" data-element_type=\"widget\" data-e-type=\"widget\" data-widget_type=\"spacer.default\">\n\t\t\t\t<div class=\"elementor-widget-container\">\n\t\t\t\t\t\t\t<div class=\"elementor-spacer\">\n\t\t\t<div class=\"elementor-spacer-inner\"><\/div>\n\t\t<\/div>\n\t\t\t\t\t\t<\/div>\n\t\t\t\t<\/div>\n\t\t\t\t<div class=\"elementor-element elementor-element-6f2c6ef elementor-widget-mobile__width-initial elementor-widget elementor-widget-text-editor\" data-id=\"6f2c6ef\" data-element_type=\"widget\" data-e-type=\"widget\" data-widget_type=\"text-editor.default\">\n\t\t\t\t<div class=\"elementor-widget-container\">\n\t\t\t\t\t\t\t\t\t<p data-start=\"179\" data-end=\"511\">Im\u00f3veis em Off Market referem-se a propriedades que est\u00e3o dispon\u00edveis para venda, mas n\u00e3o est\u00e3o publicamente anunciadas. Em vez disso, s\u00e3o vendidas de forma mais discreta e privada, muitas vezes atrav\u00e9s de redes de contatos ou agentes imobili\u00e1rios especializados. Essas transa\u00e7\u00f5es geralmente ocorrem fora dos canais tradicionais de mercado, como sites imobili\u00e1rios ou an\u00fancios p\u00fablicos. O Off Market pode ser a escolha de vendedores que desejam privacidade, ou de compradores que procuram oportunidades exclusivas.<\/p>\t\t\t\t\t\t\t\t<\/div>\n\t\t\t\t<\/div>\n\t\t\t\t\t<\/div>\n\t\t<\/div>\n\t\t\t\t\t<\/div>\n\t\t<\/section>\n\t\t\t\t<section class=\"elementor-section elementor-top-section elementor-element elementor-element-4e84fc4 elementor-section-stretched elementor-section-boxed elementor-section-height-default elementor-section-height-default\" data-id=\"4e84fc4\" data-element_type=\"section\" data-e-type=\"section\" data-settings=\"{&quot;stretch_section&quot;:&quot;section-stretched&quot;}\">\n\t\t\t\t\t\t<div class=\"elementor-container elementor-column-gap-default\">\n\t\t\t\t\t<div class=\"elementor-column elementor-col-100 elementor-top-column elementor-element elementor-element-5f54654\" data-id=\"5f54654\" data-element_type=\"column\" data-e-type=\"column\">\n\t\t\t<div class=\"elementor-widget-wrap elementor-element-populated\">\n\t\t\t\t\t\t<div class=\"elementor-element elementor-element-612be2e elementor-widget elementor-widget-heading\" data-id=\"612be2e\" data-element_type=\"widget\" data-e-type=\"widget\" data-widget_type=\"heading.default\">\n\t\t\t\t<div class=\"elementor-widget-container\">\n\t\t\t\t\t<h3 class=\"elementor-heading-title elementor-size-large\"><b>The Vault<\/b> by Alexander Rad<\/h3>\t\t\t\t<\/div>\n\t\t\t\t<\/div>\n\t\t\t\t<div class=\"elementor-element elementor-element-bc1b390 elementor-widget__width-initial elementor-widget elementor-widget-spacer\" data-id=\"bc1b390\" data-element_type=\"widget\" data-e-type=\"widget\" data-widget_type=\"spacer.default\">\n\t\t\t\t<div class=\"elementor-widget-container\">\n\t\t\t\t\t\t\t<div class=\"elementor-spacer\">\n\t\t\t<div class=\"elementor-spacer-inner\"><\/div>\n\t\t<\/div>\n\t\t\t\t\t\t<\/div>\n\t\t\t\t<\/div>\n\t\t\t\t<div class=\"elementor-element elementor-element-e1d1147 elementor-widget-mobile__width-initial elementor-widget elementor-widget-text-editor\" data-id=\"e1d1147\" data-element_type=\"widget\" data-e-type=\"widget\" data-widget_type=\"text-editor.default\">\n\t\t\t\t<div class=\"elementor-widget-container\">\n\t\t\t\t\t\t\t\t\t<p>Os n\u00fameros oficiais mostram que no ano passado em 2024 foram vendidos cerca de 42 590 im\u00f3veis em Portugal, uma enorme oportunidade para muitos agentes imobili\u00e1rios em todo o pa\u00eds devido \u00e0 expans\u00e3o dos mercados imobili\u00e1rios locais e \u00e0 procura de investidores estrangeiros de norte a sul do pa\u00eds.<\/p><div class=\"wp-block-columns is-layout-flex wp-container-core-columns-is-layout-1 wp-block-columns-is-layout-flex\"><div class=\"wp-block-column is-layout-flow wp-block-column-is-layout-flow\"><p>Mas o que a maioria das pessoas que compraram uma propriedade em Lisboa no ano passado n\u00e3o sabe, \u00e9 que v\u00e1rias centenas dessas propriedades nunca s\u00e3o vistas em websites ou em qualquer uma das revistas imobili\u00e1rias especializadas de Portugal, simplesmente porque s\u00e3o vendidas totalmente fora do mercado.<\/p><p>Por trabalhar no mercado imobili\u00e1rio lisboeta h\u00e1 muitos anos, as casas que vemos sistematicamente a ser vendidas desta forma tendem a ser as propriedades mais exclusivas, maiores, mais caras e com algo que as diferencia como o palacetes, herdades de luxo, etc.<\/p><p>O pre\u00e7o de venda destas propriedades \u00e9 normalmente de 1 M\u20ac a 20M\u20ac e mais, dependendo da localiza\u00e7\u00e3o. Os vendedores que utilizam esta estrat\u00e9gia de venda s\u00e3o indiv\u00edduos ou empresas com bastante patrim\u00f3nio que preferem que o im\u00f3vel seja vendido discretamente em vez de aparecerem nas p\u00e1ginas de revistas, jornais ou portais imobili\u00e1rios nacionais ou internacionais.<\/p><p>\u00c9 dentro deste mundo de marketing discreto \u2013 sem qualquer exposi\u00e7\u00e3o p\u00fablica ou de mercado aberto \u2013 que a <b>The Vault by Alexander Rad<\/b> \u00e9 a nossa plataforma especializada em Off Market e exclusiva para membros registados.<\/p><p>Por\u00e9m, n\u00e3o s\u00e3o apenas os vendedores ricos e privados que querem vender as suas propriedades fora do mercado. Os promotores e construtores de empreendimentos novos em Portugal, especialmente no centro de Lisboa, preferem comercializar primeiro os seus im\u00f3veis em Off Market com a Rad, isto porque sabem que temos clientes que procuram de forma ativa e que fazem parte da nossa base de dados. Os nossos clientes s\u00e3o extremamente qualificados e os nosso agentes sabem exatamente o que pesquisam.<\/p><\/div><\/div>\t\t\t\t\t\t\t\t<\/div>\n\t\t\t\t<\/div>\n\t\t\t\t\t<\/div>\n\t\t<\/div>\n\t\t\t\t\t<\/div>\n\t\t<\/section>\n\t\t\t\t<section class=\"elementor-section elementor-top-section elementor-element elementor-element-8aec1cd elementor-section-boxed elementor-section-height-default elementor-section-height-default\" data-id=\"8aec1cd\" data-element_type=\"section\" data-e-type=\"section\" data-settings=\"{&quot;background_background&quot;:&quot;classic&quot;}\">\n\t\t\t\t\t\t<div class=\"elementor-container elementor-column-gap-default\">\n\t\t\t\t\t<div class=\"elementor-column elementor-col-100 elementor-top-column elementor-element elementor-element-0897ab5\" data-id=\"0897ab5\" data-element_type=\"column\" data-e-type=\"column\">\n\t\t\t<div class=\"elementor-widget-wrap elementor-element-populated\">\n\t\t\t\t\t\t<section class=\"elementor-section elementor-inner-section elementor-element elementor-element-dfc7dcb elementor-section-content-middle elementor-section-full_width elementor-section-height-default elementor-section-height-default elementor-invisible\" data-id=\"dfc7dcb\" data-element_type=\"section\" data-e-type=\"section\" data-settings=\"{&quot;animation&quot;:&quot;fadeIn&quot;,&quot;background_background&quot;:&quot;classic&quot;}\">\n\t\t\t\t\t\t\t<div class=\"elementor-background-overlay\"><\/div>\n\t\t\t\t\t\t\t<div class=\"elementor-container elementor-column-gap-default\">\n\t\t\t\t\t<div class=\"elementor-column elementor-col-66 elementor-inner-column elementor-element elementor-element-b32e8ac\" data-id=\"b32e8ac\" data-element_type=\"column\" data-e-type=\"column\">\n\t\t\t<div class=\"elementor-widget-wrap\">\n\t\t\t\t\t\t\t<\/div>\n\t\t<\/div>\n\t\t\t\t<div class=\"elementor-column elementor-col-33 elementor-inner-column elementor-element elementor-element-f3aec73\" data-id=\"f3aec73\" data-element_type=\"column\" data-e-type=\"column\">\n\t\t\t<div class=\"elementor-widget-wrap elementor-element-populated\">\n\t\t\t\t\t\t<div class=\"elementor-element elementor-element-7767a66 elementor-widget-divider--view-line_text elementor-widget-divider--element-align-right elementor-widget elementor-widget-divider\" data-id=\"7767a66\" data-element_type=\"widget\" data-e-type=\"widget\" data-widget_type=\"divider.default\">\n\t\t\t\t<div class=\"elementor-widget-container\">\n\t\t\t\t\t\t\t<div class=\"elementor-divider\">\n\t\t\t<span class=\"elementor-divider-separator\">\n\t\t\t\t\t\t\t<span class=\"elementor-divider__text elementor-divider__element\">\n\t\t\t\tTHE VAULT\t\t\t\t<\/span>\n\t\t\t\t\t\t<\/span>\n\t\t<\/div>\n\t\t\t\t\t\t<\/div>\n\t\t\t\t<\/div>\n\t\t\t\t<div class=\"elementor-element elementor-element-0f2db11 elementor-widget elementor-widget-heading\" data-id=\"0f2db11\" data-element_type=\"widget\" data-e-type=\"widget\" data-widget_type=\"heading.default\">\n\t\t\t\t<div class=\"elementor-widget-container\">\n\t\t\t\t\t<h2 class=\"elementor-heading-title elementor-size-default\">Descubra a lista de propriedades exclusivas<\/h2>\t\t\t\t<\/div>\n\t\t\t\t<\/div>\n\t\t\t\t<div class=\"elementor-element elementor-element-f004131 elementor-widget elementor-widget-text-editor\" data-id=\"f004131\" data-element_type=\"widget\" data-e-type=\"widget\" data-widget_type=\"text-editor.default\">\n\t\t\t\t<div class=\"elementor-widget-container\">\n\t\t\t\t\t\t\t\t\t<p>Uma plataforma exclusiva para membros registados.<\/p>\t\t\t\t\t\t\t\t<\/div>\n\t\t\t\t<\/div>\n\t\t\t\t\t<\/div>\n\t\t<\/div>\n\t\t\t\t\t<\/div>\n\t\t<\/section>\n\t\t\t\t<div class=\"elementor-element elementor-element-7f589eb elementor-widget elementor-widget-houzez_elementor_space\" data-id=\"7f589eb\" data-element_type=\"widget\" data-e-type=\"widget\" data-widget_type=\"houzez_elementor_space.default\">\n\t\t\t\t<div class=\"elementor-widget-container\">\n\t\t\t\t\t        <div class=\"houzez-spacer\">\n            <div class=\"houzez-spacer-inner\"><\/div>\n        <\/div>\n        \t\t\t\t<\/div>\n\t\t\t\t<\/div>\n\t\t\t\t\t<\/div>\n\t\t<\/div>\n\t\t\t\t\t<\/div>\n\t\t<\/section>\n\t\t\t\t<section class=\"elementor-section elementor-top-section elementor-element elementor-element-3e68b95 elementor-section-stretched elementor-section-boxed elementor-section-height-default elementor-section-height-default\" data-id=\"3e68b95\" data-element_type=\"section\" data-e-type=\"section\" data-settings=\"{&quot;stretch_section&quot;:&quot;section-stretched&quot;}\">\n\t\t\t\t\t\t<div class=\"elementor-container elementor-column-gap-default\">\n\t\t\t\t\t<div class=\"elementor-column elementor-col-100 elementor-top-column elementor-element elementor-element-c27e59b\" data-id=\"c27e59b\" data-element_type=\"column\" data-e-type=\"column\">\n\t\t\t<div class=\"elementor-widget-wrap elementor-element-populated\">\n\t\t\t\t\t\t<section class=\"elementor-section elementor-inner-section elementor-element elementor-element-fa42b20 elementor-section-full_width elementor-section-height-default elementor-section-height-default elementor-invisible\" data-id=\"fa42b20\" data-element_type=\"section\" data-e-type=\"section\" data-settings=\"{&quot;animation&quot;:&quot;fadeIn&quot;}\">\n\t\t\t\t\t\t<div class=\"elementor-container elementor-column-gap-default\">\n\t\t\t\t\t<div class=\"elementor-column elementor-col-100 elementor-inner-column elementor-element elementor-element-579078d\" data-id=\"579078d\" data-element_type=\"column\" data-e-type=\"column\">\n\t\t\t<div class=\"elementor-widget-wrap elementor-element-populated\">\n\t\t\t\t\t\t<div class=\"elementor-element elementor-element-10b87b7 elementor-widget-divider--view-line_text elementor-widget-divider--element-align-center elementor-widget elementor-widget-divider\" data-id=\"10b87b7\" data-element_type=\"widget\" data-e-type=\"widget\" data-widget_type=\"divider.default\">\n\t\t\t\t<div class=\"elementor-widget-container\">\n\t\t\t\t\t\t\t<div class=\"elementor-divider\">\n\t\t\t<span class=\"elementor-divider-separator\">\n\t\t\t\t\t\t\t<span class=\"elementor-divider__text elementor-divider__element\">\n\t\t\t\tAcesso Exclusivo\t\t\t\t<\/span>\n\t\t\t\t\t\t<\/span>\n\t\t<\/div>\n\t\t\t\t\t\t<\/div>\n\t\t\t\t<\/div>\n\t\t\t\t<div class=\"elementor-element elementor-element-56860a2 elementor-widget elementor-widget-heading\" data-id=\"56860a2\" data-element_type=\"widget\" data-e-type=\"widget\" data-widget_type=\"heading.default\">\n\t\t\t\t<div class=\"elementor-widget-container\">\n\t\t\t\t\t<h3 class=\"elementor-heading-title elementor-size-large\">Entre em contacto com a RAD<\/h3>\t\t\t\t<\/div>\n\t\t\t\t<\/div>\n\t\t\t\t<div class=\"elementor-element elementor-element-0c1d0a9 elementor-widget elementor-widget-text-editor\" data-id=\"0c1d0a9\" data-element_type=\"widget\" data-e-type=\"widget\" data-widget_type=\"text-editor.default\">\n\t\t\t\t<div class=\"elementor-widget-container\">\n\t\t\t\t\t\t\t\t\t<p>Entre em contacto e descubra oportunidades \u00fanicas no The Vault.<\/p>\t\t\t\t\t\t\t\t<\/div>\n\t\t\t\t<\/div>\n\t\t\t\t\t<\/div>\n\t\t<\/div>\n\t\t\t\t\t<\/div>\n\t\t<\/section>\n\t\t\t\t<div class=\"elementor-element elementor-element-56a5001 elementor-button-align-stretch elementor-widget elementor-widget-houzez_elementor_inquiry_form\" data-id=\"56a5001\" data-element_type=\"widget\" data-e-type=\"widget\" data-widget_type=\"houzez_elementor_inquiry_form.default\">\n\t\t\t\t<div class=\"elementor-widget-container\">\n\t\t\t\t\t\n        <script type=\"application\/javascript\">\n            jQuery(document).bind(\"ready\", function () {\n                houzezValidateElementor(\"#houzez-form-56a5001\" );\n            });\n        <\/script>\n\n\n        <form class=\"elementor-form houzez-ele-form-js\" id=\"houzez-form-56a5001\" method=\"post\" name=\"New Form\" action=\"https:\/\/www.alexanderrad.pt\/wp-admin\/admin-ajax.php\">\n            <input type=\"hidden\" name=\"form_id\" value=\"56a5001\"\/>\n            <input type=\"hidden\" name=\"action\" value=\"houzez_ele_inquiry_form\" \/>\n            <input type=\"hidden\" name=\"source_link\" value=\"https:\/\/www.alexanderrad.pt\/?page_id=21677\" \/>\n            <input type=\"hidden\" name=\"lead_page_id\" value=\"21677\" \/>\n            <input type=\"hidden\" name=\"is_estimation\" value=\"yes\" \/>\n            <input type=\"hidden\" name=\"webhook\" value=\"false\" \/>\n            <input type=\"hidden\" name=\"webhook_url\" value=\"\" \/>\n            <input type=\"hidden\" name=\"redirect_to\" value=\"\" \/>\n            <input type=\"hidden\" name=\"google_recaptcha\" value=\"false\" \/>\n\n            <div class=\"elementor-form-fields-wrapper elementor-labels-above\">\n\n                                    <div class=\"elementor-field-group elementor-column form-group elementor-field-group-b66c734 elementor-col-33 elementor-field-required\">\n                    <label for=\"form-field-b66c734\" class=\"form-label elementor-field-label\">Dados Pessoais<\/label>        <div class=\"elementor-field elementor-select-wrapper\">\n            <select name=\"user_type\" id=\"form-field-b66c734\" class=\"elementor-field-textual form-control elementor-size-lg\" required=\"required\" title=\"* Dados Pessoais\">\n                <option value=\"\">Particular<\/option><option value=\"Profissional\">Profissional<\/option><option value=\"Agente\">Agente<\/option>            <\/select>\n        <\/div>\n                            <\/div>\n\n                                        <div class=\"elementor-field-group elementor-column form-group elementor-field-group-ac32e68 elementor-col-33 elementor-field-required\">\n                    <label for=\"form-field-ac32e68\" class=\"form-label elementor-field-label\">&nbsp;<\/label><input type=\"text\" name=\"first_name\" id=\"form-field-ac32e68\" class=\"elementor-field form-control elementor-size-lg elementor-field-textual\" placeholder=\"Primeiro nome\" title=\"* Primeiro nome\" required=\"required\">                    <\/div>\n\n                                        <div class=\"elementor-field-group elementor-column form-group elementor-field-group-7304c05 elementor-col-33 elementor-field-required\">\n                    <label for=\"form-field-7304c05\" class=\"form-label elementor-field-label\">&nbsp;<\/label><input type=\"text\" name=\"last_name\" id=\"form-field-7304c05\" class=\"elementor-field form-control elementor-size-lg elementor-field-textual\" placeholder=\"\u00daltimo nome\" title=\"* \u00daltimo nome\" required=\"required\">                    <\/div>\n\n                                        <div class=\"elementor-field-group elementor-column form-group elementor-field-group-7b74074 elementor-col-66 elementor-field-required\">\n                    <input type=\"email\" name=\"email\" id=\"form-field-7b74074\" class=\"elementor-field form-control elementor-size-lg elementor-field-textual\" placeholder=\"Email\" title=\"* Email\" required=\"required\">                    <\/div>\n\n                                        <div class=\"elementor-field-group elementor-column form-group elementor-field-group-e92d2c5 elementor-col-33 elementor-field-required\">\n                    <input type=\"text\" name=\"mobile\" id=\"form-field-e92d2c5\" class=\"elementor-field form-control elementor-size-lg elementor-field-textual\" placeholder=\"Telem\u00f3vel\" title=\"* Telem\u00f3vel\" required=\"required\">                    <\/div>\n\n                    \n                    \n                                        <div class=\"form-group elementor-field-group elementor-col-100\">\n                        <label class=\"control control--checkbox m-0 \">\n                                                        <input required type=\"checkbox\" name=\"gdpr_agreement\" id=\"gdpr_agreement\" aria-required=\"true\">\n                            <span class=\"control__indicator\"><\/span>\n                                                        <div class=\"gdpr-text-wrap\">\n                            Declaro que autorizo o uso dos meus dados pessoais para os fins a que se destina este formul\u00e1rio, bem como a utiliza\u00e7\u00e3o dos mesmos dados para envio de toda a comunica\u00e7\u00e3o da Alexander RAD Property Investments. Com a submiss\u00e3o deste formul\u00e1rio declaro que li, compreendi e aceito os Termos e condi\u00e7\u00f5es e a Pol\u00edtica de Privacidade.                            <\/div>\n                            \n                        <\/label>\n                    <\/div><!-- form-group -->\n                    \n                    \n                    <div class=\"elementor-field-group elementor-column elementor-field-type-submit elementor-col-100\">\n                    <button type=\"submit\" class=\"houzez-submit-button houzez-contact-form-js elementor-button elementor-size-md\">\n                        <i class=\"houzez-loader-js houzez-hidden spinner-border spinner-border-sm\"><\/i>\n                                                    ENVIAR                                            <\/button>\n                <\/div>\n            <\/div><!-- End wrapper-->\n            <br\/>\n            <div class=\"ele-form-messages\"><\/div>\n            <div class=\"error-container\"><\/div>\n\n        <\/form>\n\n    \t\t\t\t<\/div>\n\t\t\t\t<\/div>\n\t\t\t\t\t<\/div>\n\t\t<\/div>\n\t\t\t\t\t<\/div>\n\t\t<\/section>\n\t\t\t\t<\/div>\n\t\t","protected":false},"excerpt":{"rendered":"<p>RAD OFF MARKET Mercado de venda imobili\u00e1ria Off Market em Portugal Im\u00f3veis em Off Market referem-se a propriedades que est\u00e3o dispon\u00edveis para venda, mas n\u00e3o est\u00e3o publicamente anunciadas. Em vez disso, s\u00e3o vendidas de forma mais discreta e privada, muitas vezes atrav\u00e9s de redes de contatos ou agentes imobili\u00e1rios especializados. Essas transa\u00e7\u00f5es geralmente ocorrem fora [&hellip;]<\/p>\n","protected":false},"author":2,"featured_media":0,"parent":0,"menu_order":0,"comment_status":"closed","ping_status":"closed","template":"elementor_header_footer","meta":{"pagelayer_contact_templates":[],"_pagelayer_content":"","footnotes":""},"class_list":["post-21677","page","type-page","status-publish","hentry"],"aioseo_notices":[],"_links":{"self":[{"href":"https:\/\/www.alexanderrad.pt\/index.php?rest_route=\/wp\/v2\/pages\/21677","targetHints":{"allow":["GET"]}}],"collection":[{"href":"https:\/\/www.alexanderrad.pt\/index.php?rest_route=\/wp\/v2\/pages"}],"about":[{"href":"https:\/\/www.alexanderrad.pt\/index.php?rest_route=\/wp\/v2\/types\/page"}],"author":[{"embeddable":true,"href":"https:\/\/www.alexanderrad.pt\/index.php?rest_route=\/wp\/v2\/users\/2"}],"replies":[{"embeddable":true,"href":"https:\/\/www.alexanderrad.pt\/index.php?rest_route=%2Fwp%2Fv2%2Fcomments&post=21677"}],"version-history":[{"count":6,"href":"https:\/\/www.alexanderrad.pt\/index.php?rest_route=\/wp\/v2\/pages\/21677\/revisions"}],"predecessor-version":[{"id":25931,"href":"https:\/\/www.alexanderrad.pt\/index.php?rest_route=\/wp\/v2\/pages\/21677\/revisions\/25931"}],"wp:attachment":[{"href":"https:\/\/www.alexanderrad.pt\/index.php?rest_route=%2Fwp%2Fv2%2Fmedia&parent=21677"}],"curies":[{"name":"wp","href":"https:\/\/api.w.org\/{rel}","templated":true}]}}