{"id":21103,"date":"2025-04-19T21:32:53","date_gmt":"2025-04-19T21:32:53","guid":{"rendered":"https:\/\/www.alexanderrad.pt\/?page_id=21103"},"modified":"2025-04-19T21:32:58","modified_gmt":"2025-04-19T21:32:58","slug":"resolucao-alternativa-de-litigios","status":"publish","type":"page","link":"https:\/\/www.alexanderrad.pt\/?page_id=21103","title":{"rendered":"Resolu\u00e7\u00e3o Alternativa de Lit\u00edgios"},"content":{"rendered":"<p>Em caso de lit\u00edgio o consumidor pode recorrer a uma Entidade de Resolu\u00e7\u00e3o Alternativa de Lit\u00edgios de consumo:<\/p>\n<p>Centro de Arbitragem de Conflitos de Consumo de Lisboa<\/p>\n<p><a title=\"http:\/\/www.centroarbitragemlisboa.pt\" href=\"http:\/\/www.centroarbitragemlisboa.pt\/\" target=\"_blank\" rel=\"noopener\">http:\/\/www.centroarbitragemlisboa.pt<\/a><\/p>\n<p>Centro de Arbitragem de Conflitos de Consumo do Vale do Ave\/Tribunal Arbitral<\/p>\n<p><a title=\"http:\/\/www.triave.pt\" href=\"http:\/\/www.triave.pt\/\" target=\"_blank\" rel=\"noopener\">http:\/\/www.triave.pt<\/a><\/p>\n<p>CIAB \u2013 Centro de Informa\u00e7\u00e3o, Media\u00e7\u00e3o e Arbitragem de Consumo (Tribunal Arbitral de Consumo)<\/p>\n<p><a title=\"http:\/\/www.ciab.pt\/pt\" href=\"http:\/\/www.ciab.pt\/pt\" target=\"_blank\" rel=\"noopener\">http:\/\/www.ciab.pt\/pt<\/a><\/p>\n<p>CNIACC \u2013 Centro Nacional de Informa\u00e7\u00e3o e Arbitragem de Conflitos de Consumo<\/p>\n<p><a title=\"https:\/\/www.cniacc.pt\/pt\/\" href=\"https:\/\/www.cniacc.pt\/pt\/\" target=\"_blank\" rel=\"noopener\">https:\/\/www.cniacc.pt\/pt\/<\/a><\/p>\n<p>Centro de Arbitragem de Conflitos de Consumo do Distrito de Coimbra<\/p>\n<p><a title=\"http:\/\/www.centrodearbitragemdecoimbra.com\" href=\"http:\/\/www.centrodearbitragemdecoimbra.com\/\" target=\"_blank\" rel=\"noopener\">http:\/\/www.centrodearbitragemdecoimbra.com<\/a><\/p>\n<p>Centro de Informa\u00e7\u00e3o, Media\u00e7\u00e3o e Arbitragem de Conflitos de Consumo do Algarve<\/p>\n<p><a title=\"http:\/\/www.consumoalgarve.pt\" href=\"http:\/\/www.consumoalgarve.pt\/\" target=\"_blank\" rel=\"noopener\">http:\/\/www.consumoalgarve.pt<\/a><\/p>\n<p>Centro de Informa\u00e7\u00e3o de Consumo e Arbitragem do Porto<\/p>\n<p><a title=\"http:\/\/www.cicap.pt\" href=\"http:\/\/www.cicap.pt\/\" target=\"_blank\" rel=\"noopener\">http:\/\/www.cicap.pt<\/a><\/p>\n<p>Centro de Arbitragem de Conflitos de Consumo da Madeira<\/p>\n<p><a title=\"https:\/\/www.madeira.gov.pt\/cacc\" href=\"https:\/\/www.madeira.gov.pt\/cacc\" target=\"_blank\" rel=\"noopener\">https:\/\/www.madeira.gov.pt\/cacc<\/a><\/p>\n<p>Mais informa\u00e7\u00f5es em Portal do Consumidor<\/p>\n<p><a title=\"http:\/\/www.consumidor.pt\" href=\"http:\/\/www.consumidor.pt\/\" target=\"_blank\" rel=\"noopener\">www.consumidor.pt<\/a><\/p>\n","protected":false},"excerpt":{"rendered":"<p>Em caso de lit\u00edgio o consumidor pode recorrer a uma Entidade de Resolu\u00e7\u00e3o Alternativa de Lit\u00edgios de consumo: Centro de Arbitragem de Conflitos de Consumo de Lisboa http:\/\/www.centroarbitragemlisboa.pt Centro de Arbitragem de Conflitos de Consumo do Vale do Ave\/Tribunal Arbitral http:\/\/www.triave.pt CIAB \u2013 Centro de Informa\u00e7\u00e3o, Media\u00e7\u00e3o e Arbitragem de Consumo (Tribunal Arbitral de Consumo) [&hellip;]<\/p>\n","protected":false},"author":2,"featured_media":0,"parent":0,"menu_order":0,"comment_status":"closed","ping_status":"closed","template":"","meta":{"pagelayer_contact_templates":[],"_pagelayer_content":"","footnotes":""},"class_list":["post-21103","page","type-page","status-publish","hentry"],"aioseo_notices":[],"_links":{"self":[{"href":"https:\/\/www.alexanderrad.pt\/index.php?rest_route=\/wp\/v2\/pages\/21103","targetHints":{"allow":["GET"]}}],"collection":[{"href":"https:\/\/www.alexanderrad.pt\/index.php?rest_route=\/wp\/v2\/pages"}],"about":[{"href":"https:\/\/www.alexanderrad.pt\/index.php?rest_route=\/wp\/v2\/types\/page"}],"author":[{"embeddable":true,"href":"https:\/\/www.alexanderrad.pt\/index.php?rest_route=\/wp\/v2\/users\/2"}],"replies":[{"embeddable":true,"href":"https:\/\/www.alexanderrad.pt\/index.php?rest_route=%2Fwp%2Fv2%2Fcomments&post=21103"}],"version-history":[{"count":0,"href":"https:\/\/www.alexanderrad.pt\/index.php?rest_route=\/wp\/v2\/pages\/21103\/revisions"}],"wp:attachment":[{"href":"https:\/\/www.alexanderrad.pt\/index.php?rest_route=%2Fwp%2Fv2%2Fmedia&parent=21103"}],"curies":[{"name":"wp","href":"https:\/\/api.w.org\/{rel}","templated":true}]}}