{"id":19727,"date":"2025-04-10T23:13:52","date_gmt":"2025-04-10T23:13:52","guid":{"rendered":"http:\/\/www.alexanderrad.pt\/?page_id=19727"},"modified":"2025-06-11T13:54:26","modified_gmt":"2025-06-11T13:54:26","slug":"politica-de-privacidade","status":"publish","type":"page","link":"https:\/\/www.alexanderrad.pt\/?page_id=19727","title":{"rendered":"Pol\u00edtica de Privacidade"},"content":{"rendered":"\t\t<div data-elementor-type=\"wp-page\" data-elementor-id=\"19727\" class=\"elementor elementor-19727\" data-elementor-post-type=\"page\">\n\t\t\t\t<div class=\"elementor-element elementor-element-3d78487 e-flex e-con-boxed e-con e-parent\" data-id=\"3d78487\" data-element_type=\"container\" data-e-type=\"container\">\n\t\t\t\t\t<div class=\"e-con-inner\">\n\t\t\t\t<div class=\"elementor-element elementor-element-ad16187 elementor-widget elementor-widget-text-editor\" data-id=\"ad16187\" data-element_type=\"widget\" data-e-type=\"widget\" data-widget_type=\"text-editor.default\">\n\t\t\t\t<div class=\"elementor-widget-container\">\n\t\t\t\t\t\t\t\t\t<p><strong>REGULAMENTO INTERNO DE PROTE\u00c7\u00c3O DE DADOS<\/strong><br><strong>ALEXANDER RAD &#8211; MEDIA\u00c7\u00c3O IMOBILI\u00c1RIA, LDA<\/strong><br>________________________________________<br>O presente Regulamento destina-se a estabelecer as regras e procedimentos internos de aplica\u00e7\u00e3o do (RGPD). REGULAMENTO (UE) 2016\/679 DO PARLAMENTO EUROPEU E DO CONSELHO de 27 de Abril de 2016 relativo \u00e0 prote\u00e7\u00e3o das pessoas singulares no que diz respeito ao tratamento de dados pessoais e \u00e0 livre circula\u00e7\u00e3o desses dados e que revoga a Diretiva 95\/46\/CE (Regulamento Geral sobre a Prote\u00e7\u00e3o de Dados)<br>________________________________________<\/p>\n<p><strong>DEFINI\u00c7\u00d5ES, DIREITOS E OBRIGA\u00c7\u00d5ES<\/strong><\/p>\n<p>1. Para efeitos do RGPD, dados pessoais s\u00e3o todos os dados que nos permitem identificar uma pessoa, como por exemplo, o nome, a morada, o IP, n\u00famero de contribuinte, n\u00famero de utente do Servi\u00e7o de Sa\u00fade, h\u00e1bitos de consumo.<\/p>\n<p>2. O RGPD aplica-se apenas a dados de pessoas individuais, n\u00e3o a empresas.<\/p>\n<p>3. O respons\u00e1vel pelo tratamento de dados na empresa \u00e9 o gerente.<\/p>\n<p>4. Os titulares dos dados t\u00eam os seguintes direitos:<\/p><p><br>a) Direito de acesso<br>b) Direito de retifica\u00e7\u00e3o<br>c) Direito de apagamento<br>d) Direito a limita\u00e7\u00e3o do tratamento<br>e) Direito de portabilidade dos dados<br>f) Direito de oposi\u00e7\u00e3o e decis\u00f5es individuais automatizadas<\/p><p><br>5. Quando o titular dos dados pretender exercer qualquer um destes direitos, o respons\u00e1vel pelo tratamento deve procurar responder o mais rapidamente poss\u00edvel, tendo no m\u00e1ximo 30 dias para o fazer devendo responder de forma clara concisa e suficiente.<\/p><p><br>6. O respons\u00e1vel pelo tratamento deve prever regras para facilitar o exerc\u00edcio pelo titular dos dados dos seus direitos.<\/p><p><br>7. (Dever de informa\u00e7\u00e3o): aquando da recolha dos dados devem os titulares dos dados ser informados do seguinte:<\/p><p><br>a) A identidade e os contactos do respons\u00e1vel pelo tratamento<br>b) As finalidades do tratamento dos dados pessoais<br>c) Seu destino<br>d) O fundamento jur\u00eddico para o tratamento<br>e) Os destinat\u00e1rios ou categorias de destinat\u00e1rios dos dados pessoais se os houver<br>f) O prazo de conserva\u00e7\u00e3o<br>g) A transfer\u00eancia para pa\u00edses terceiros, se aplic\u00e1vel<br>h) A exist\u00eancia do direito de acesso, retifica\u00e7\u00e3o, e apagamento e limita\u00e7\u00e3o do tratamento<br>i) A exist\u00eancia do direito de se opor ao tratamento<br>j) A informa\u00e7\u00e3o de que pode retirar o consentimento em qualquer altura<br>k) A exist\u00eancia do direito de n\u00e3o sujei\u00e7\u00e3o a decis\u00f5es automatizadas incluindo a defini\u00e7\u00e3o de perfis<br>l) O direito \u00e0 portabilidade dos dados<br>m) O direito ao conhecimento da exist\u00eancia de uma viola\u00e7\u00e3o de dados<br>n) O direito a reclamar para uma autoridade de controlo<\/p>\n<p>8. Os dados pessoais devem ser objeto de um tratamento l\u00edcito, leal e transparente em rela\u00e7\u00e3o ao titular dos dados.<\/p>\n<p>9. As pessoas singulares devem conseguir perceber como os dados pessoais que a eles dizem respeito s\u00e3o recolhidos, utilizados, consultados ou sujeitos a qualquer outro tipo de tratamento e a medida em que os dados pessoais s\u00e3o ou vir\u00e3o a ser tratados.<\/p>\n<p>10. Os procedimentos devem ser adequados, pertinentes e limitados ao que \u00e9 necess\u00e1rio relativamente \u00e0s finalidades para as quais s\u00e3o tratados.<\/p>\n<p>11. S\u00f3 pode haver tratamento de dados pessoais quando a finalidade do tratamento n\u00e3o possa ser alcan\u00e7ada por outras vias.<\/p>\n<p>12. Os procedimentos devem ser exatos e atualizados sempre que necess\u00e1rio.<\/p>\n<p>13. Devem ser adotadas todas as medidas adequadas para que os dados inexatos, tendo em conta as finalidades para que s\u00e3o tratados, sejam apagados sem demora.<\/p>\n<p>14. Os dados devem ser conservados de uma forma que permita a identifica\u00e7\u00e3o dos titulares dos dados apenas durante o per\u00edodo necess\u00e1rio para as finalidades para as quais s\u00e3o tratados.<\/p>\n<p>15. O respons\u00e1vel pelo tratamento dos dados deve implementar uma pol\u00edtica de manuten\u00e7\u00e3o, arquivo e apagamento dos dados de modo a garantir que esses n\u00e3o sejam conservados durante um per\u00edodo superior ao per\u00edodo estritamente necess\u00e1rio.<\/p>\n<p>16. Os dados devem ser tratados de uma forma que garanta a sua seguran\u00e7a, incluindo a prote\u00e7\u00e3o contra o seu tratamento n\u00e3o autorizado ou il\u00edcito e contra a sua perda, destrui\u00e7\u00e3o ou danifica\u00e7\u00e3o acidental, adotando as medidas t\u00e9cnicas ou organizativas adequadas.<\/p>\n<p>17. O respons\u00e1vel pelo tratamento deve conseguir demonstrar que o titular dos dados pessoais consentiu livremente e de forma esclarecida. Um consentimento dado de forma oral ou at\u00e9 mediante um consentimento t\u00e1cito ou outro n\u00e3o oferece estas garantias, porquanto n\u00e3o permite fazer prova de ter sido obtido de forma livre, espec\u00edfica, informada, expl\u00edcita e atrav\u00e9s do ato inequ\u00edvoco.<\/p>\n<p>18. O respons\u00e1vel pelo tratamento dos dados pessoais deve garantir:<\/p><p><br>a) Que os dados pessoais que possui s\u00e3o leg\u00edtimos e est\u00e3o limitados ao que \u00e9 necess\u00e1rio<br>b) Que os dados est\u00e3o atualizados, seguros e confidenciais<br>c) Que tem pol\u00edticas, procedimentos, c\u00f3digos de conduta instru\u00e7\u00f5es internas formalizados e capazes de serem disponibilizados \u00e0s entidades de supervis\u00e3o<br>d) Que possui sistemas para monitorizar se as pol\u00edticas e procedimentos que est\u00e3o a ser seguidos<br>e) Implementar o mecanismo permanente e din\u00e2mico de verifica\u00e7\u00e3o da conformidade com o RGPD<br>f) Provar por evid\u00eancia o respeito do RGPD<br>g) Promover auditorias no \u00e2mbito de um controlo continue para verificar a efic\u00e1cia das medidas implementadas e, eventualmente, modific\u00e1-las<\/p>\n<p>19. O respons\u00e1vel pelo tratamento de dados est\u00e1 obrigado a notificar a entidade controlo, que em Portugal \u00e9 a Comiss\u00e3o Nacional de Prote\u00e7\u00e3o de Dados, de todas as viola\u00e7\u00f5es de dados com risco para o titular, devendo esta comunica\u00e7\u00e3o ser realizada no prazo de 72 horas.<br>________________________________________<\/p>\n<p><strong>APLICA\u00c7\u00c3O DO REGULAMENTO<\/strong><\/p>\n<p>20. Os dados pessoais que s\u00e3o recolhidos na empresa s\u00e3o:<\/p><p><br>a) Nome, morada, n\u00famero telefone, endere\u00e7o e-mail de clientes compradores e de clientes vendedores<br>b) Nome, n\u00famero fiscal, n\u00famero do documento identifica\u00e7\u00e3o, estado civil e morada dos empregados e dos colaboradores<\/p>\n<p>21. Os dados s\u00e3o obtidos por diversas formas:<\/p><p><br>a) Atrav\u00e9s de contrato celebrado com o cliente vendedor, colaborador e empregado<br>b) Atrav\u00e9s de contato por e-mail de clientes, ou visita na nossa p\u00e1gina da internet onde os interessados introduzem os seus dados pessoais<br>c) Atrav\u00e9s do telefonema para a empresa<br>d) Por visita f\u00edsica da loja<\/p>\n<p>22. Na recolha dos dados atrav\u00e9s de contratos ou de recolha de dados com contacto direto com a pessoa, a mesma \u00e9 informada dos seus direitos e solicitado o seu consentimento para o tratamento de dados.<\/p>\n<p>23. No caso de contacto telef\u00f3nico, o colaborador que recolhe os dados, informa a pessoa em causa que ir\u00e1 de seguida enviar um correio eletr\u00f3nico com os dados da pessoa, pedindo-lhe que responda dando o seu consentimento expresso para o tratamento de dados.<\/p>\n<p>24. Todos os dados recolhidos, s\u00e3o introduzidos no CRM software da empresa Casafari.<\/p>\n<p>25. Os dados s\u00e3o encriptados.<\/p>\n<p>26. O gerente Alexander Rademacher respons\u00e1vel pelo tratamento de dados, \u00e9 o \u00fanico com acesso a todos os dados.<\/p>\n<p>27. De resto, cada consultor tem acesso aos dados do cliente que lhe entregou o im\u00f3vel para media\u00e7\u00e3o, e os dados do cliente comprador que manifesta interesse no im\u00f3vel por si angariado.<\/p>\n<p>28. Todas as pessoas na empresa com acesso a dados pessoais, devem ser informados das regras constantes do RGPD e das consequ\u00eancias pelo seu tratamento indevido.<\/p>\n<p>29. Todos os dados que constam em documentos f\u00edsicos, quer sejam fichas de visitas de clientes, contratos de media\u00e7\u00e3o, c\u00f3pias de contratos de arrendamento compra e venda, ou outros, s\u00e3o guardados numa capa, cujo acesso apenas o CEO tem.<\/p>\n<p>30. De 30 em 30 dias deve o respons\u00e1vel pelo tratamento dos dados verificar a seguran\u00e7a f\u00edsica dos documentos em papel, e encripta\u00e7\u00e3o dos dados inform\u00e1ticos acima referidos.<\/p>\n<p>31. Eventualmente, deve melhorar a aplica\u00e7\u00e3o do regulamento.<\/p>\n<p>32. De 30 em 30 dias deve apagar os dados cujo prazo de armazenamento expirou.<\/p>\t\t\t\t\t\t\t\t<\/div>\n\t\t\t\t<\/div>\n\t\t\t\t\t<\/div>\n\t\t\t\t<\/div>\n\t\t\t\t<\/div>\n\t\t","protected":false},"excerpt":{"rendered":"<p>REGULAMENTO INTERNO DE PROTE\u00c7\u00c3O DE DADOSALEXANDER RAD &#8211; MEDIA\u00c7\u00c3O IMOBILI\u00c1RIA, LDA________________________________________O presente Regulamento destina-se a estabelecer as regras e procedimentos internos de aplica\u00e7\u00e3o do (RGPD). REGULAMENTO (UE) 2016\/679 DO PARLAMENTO EUROPEU E DO CONSELHO de 27 de Abril de 2016 relativo \u00e0 prote\u00e7\u00e3o das pessoas singulares no que diz respeito ao tratamento de dados pessoais [&hellip;]<\/p>\n","protected":false},"author":1,"featured_media":0,"parent":0,"menu_order":0,"comment_status":"closed","ping_status":"closed","template":"","meta":{"pagelayer_contact_templates":[],"_pagelayer_content":"","footnotes":""},"class_list":["post-19727","page","type-page","status-publish","hentry"],"aioseo_notices":[],"_links":{"self":[{"href":"https:\/\/www.alexanderrad.pt\/index.php?rest_route=\/wp\/v2\/pages\/19727","targetHints":{"allow":["GET"]}}],"collection":[{"href":"https:\/\/www.alexanderrad.pt\/index.php?rest_route=\/wp\/v2\/pages"}],"about":[{"href":"https:\/\/www.alexanderrad.pt\/index.php?rest_route=\/wp\/v2\/types\/page"}],"author":[{"embeddable":true,"href":"https:\/\/www.alexanderrad.pt\/index.php?rest_route=\/wp\/v2\/users\/1"}],"replies":[{"embeddable":true,"href":"https:\/\/www.alexanderrad.pt\/index.php?rest_route=%2Fwp%2Fv2%2Fcomments&post=19727"}],"version-history":[{"count":7,"href":"https:\/\/www.alexanderrad.pt\/index.php?rest_route=\/wp\/v2\/pages\/19727\/revisions"}],"predecessor-version":[{"id":22621,"href":"https:\/\/www.alexanderrad.pt\/index.php?rest_route=\/wp\/v2\/pages\/19727\/revisions\/22621"}],"wp:attachment":[{"href":"https:\/\/www.alexanderrad.pt\/index.php?rest_route=%2Fwp%2Fv2%2Fmedia&parent=19727"}],"curies":[{"name":"wp","href":"https:\/\/api.w.org\/{rel}","templated":true}]}}